{"id":118,"date":"2014-06-27T14:31:57","date_gmt":"2014-06-27T13:31:57","guid":{"rendered":"http:\/\/sitio.pmvs.pt\/?page_id=118"},"modified":"2014-06-28T12:37:03","modified_gmt":"2014-06-28T11:37:03","slug":"musica","status":"publish","type":"page","link":"https:\/\/sitio.pmvs.pt\/blog\/musica\/","title":{"rendered":"M\u00fasica"},"content":{"rendered":"<p style=\"text-align: left;\"><a href=\"https:\/\/i0.wp.com\/sitio.pmvs.pt\/wp-content\/uploads\/2014\/06\/DI03787.jpg\"><img data-recalc-dims=\"1\" fetchpriority=\"high\" decoding=\"async\" data-attachment-id=\"119\" data-permalink=\"https:\/\/sitio.pmvs.pt\/blog\/musica\/di03787\/\" data-orig-file=\"https:\/\/i0.wp.com\/sitio.pmvs.pt\/blog\/wp-content\/uploads\/2014\/06\/DI03787.jpg?fit=400%2C400&amp;ssl=1\" data-orig-size=\"400,400\" data-comments-opened=\"0\" data-image-meta=\"{&quot;aperture&quot;:&quot;0&quot;,&quot;credit&quot;:&quot;&quot;,&quot;camera&quot;:&quot;&quot;,&quot;caption&quot;:&quot;&quot;,&quot;created_timestamp&quot;:&quot;0&quot;,&quot;copyright&quot;:&quot;&quot;,&quot;focal_length&quot;:&quot;0&quot;,&quot;iso&quot;:&quot;0&quot;,&quot;shutter_speed&quot;:&quot;0&quot;,&quot;title&quot;:&quot;&quot;}\" data-image-title=\"LP Sitio do Picapau Amarelo\" data-image-description=\"&lt;p&gt;LP Sitio do Picapau Amarelo&lt;\/p&gt;\n\" data-image-caption=\"&lt;p&gt;LP Sitio do Picapau Amarelo&lt;\/p&gt;\n\" data-medium-file=\"https:\/\/i0.wp.com\/sitio.pmvs.pt\/blog\/wp-content\/uploads\/2014\/06\/DI03787.jpg?fit=300%2C300&amp;ssl=1\" data-large-file=\"https:\/\/i0.wp.com\/sitio.pmvs.pt\/blog\/wp-content\/uploads\/2014\/06\/DI03787.jpg?fit=400%2C400&amp;ssl=1\" class=\"wp-image-119 size-full\" src=\"https:\/\/i0.wp.com\/sitio.pmvs.pt\/wp-content\/uploads\/2014\/06\/DI03787.jpg?resize=400%2C400\" alt=\"DI03787\" width=\"400\" height=\"400\" srcset=\"https:\/\/i0.wp.com\/sitio.pmvs.pt\/blog\/wp-content\/uploads\/2014\/06\/DI03787.jpg?w=400&amp;ssl=1 400w, https:\/\/i0.wp.com\/sitio.pmvs.pt\/blog\/wp-content\/uploads\/2014\/06\/DI03787.jpg?resize=150%2C150&amp;ssl=1 150w, https:\/\/i0.wp.com\/sitio.pmvs.pt\/blog\/wp-content\/uploads\/2014\/06\/DI03787.jpg?resize=300%2C300&amp;ssl=1 300w\" sizes=\"(max-width: 400px) 100vw, 400px\" \/><\/a><\/p>\n<p style=\"text-align: justify;\">Desde que estreou em 1977, o &#8220;S\u00edtio do Picapau Amarelo&#8221;, baseado na obra de Monteiro Lobato, se tornou um dos marcos da teledramaturgia brasileira, al\u00e9m das est\u00f3rias carregadas de nacionalismo, incentivo a leitura e ao aprimoramento cultural, trazia consigo o gosto da inf\u00e2ncia.<\/p>\n<p style=\"text-align: justify;\">\n<p style=\"text-align: justify;\">Seu sucesso grandioso se deu tamb\u00e9m em raz\u00e3o da espetacularmente bem sucedida trilha sonora, o \u00e1lbum de 1977 reuniu grandes nomes da musica popular brasileira, tanto nas composi\u00e7\u00f5es como na interpreta\u00e7\u00e3o das can\u00e7\u00f5es.<\/p>\n<p style=\"text-align: justify;\">\n<p style=\"text-align: justify;\">Presen\u00e7as marcantes como a de Gilberto Gil, que comp\u00f4s e interpretou a can\u00e7\u00e3o tema do programa, como de composi\u00e7\u00f5es de Chico Buarque de Holanda, Caetano Veloso, Dorival Caymmi, Geraldo Azevedo, Ivan Lins e com interpreta\u00e7\u00f5es de MPB4, Lucinha Lins, Jards Macal\u00e9, Jo\u00e3o Bosco,Doces B\u00e1rbaros etc.<\/p>\n<p style=\"text-align: justify;\">\n<p style=\"text-align: justify;\">Arranjos bem elaborados transmitem com maestria o ambiente m\u00e1gico e arc\u00e1dico do S\u00edtio da Dona Benta, no sentido de traduzir a vida no campo como legitima express\u00e3o da verdadeira felicidade, em alguns casos chegam a ser psicod\u00e9licos, como por exemplo na can\u00e7\u00e3o \u201cPeixe\u201d de Caetano Veloso, interpretada de forma alucinada pelos Doces B\u00e1rbaros.<\/p>\n<p style=\"text-align: justify;\">\n<p style=\"text-align: justify;\">Inspirado no livro \u201cReina\u00e7\u00f5es de Narizinho\u201d, Ivan Lins comp\u00f4s a can\u00e7\u00e3o \u201cNarizinho,\u201d na qual Lucinha Lins canta as aventuras da neta de Dona Benta no \u201cReino das \u00c1guas Claras\u201d, o timbre suave da interprete empresta um tom rom\u00e2ntico \u00e0 personagem de Monteiro Lobato.<\/p>\n<p style=\"text-align: justify;\">\n<p style=\"text-align: justify;\">Em \u201cArraial dos Tucanos\u201d, atrav\u00e9s da voz altiva de Ronaldo Malta, Geraldo Azevedo e Carlos Fernando contornaram os censores do governo militar e embutiram na programa\u00e7\u00e3o da Rede Globo, que era colaboradora do regime, uma can\u00e7\u00e3o de protesto com foco na quest\u00e3o agr\u00e1ria: \u201cAt\u00e9 quando um homem que da terra vive e que da vida arranca o p\u00e3o di\u00e1rio vai ter tua paz, aparente e p\u00e1lida paz, aparentemente paz..\u201d<\/p>\n<p style=\"text-align: justify;\">\n<p style=\"text-align: justify;\">Marlui Miranda e Jards Macal\u00e9 entoam ao som dos tambores africanos e de um bel\u00edssimo arranjo de cordas, toda a sabedoria dos pretos velhos, enquanto pedem ajuda aos orix\u00e1s e revelam os segredos do \u201cFundo Grande\u201d em \u201cTio Barnab\u00e9.\u201d<\/p>\n<p style=\"text-align: justify;\">\n<p style=\"text-align: justify;\">O Grupo Aquarius canta, atrav\u00e9s dos versos de Dory Caymmi e Paulo C\u00e9sar Pinheiro as aventuras e fantasias do neto de Dona Benta, em \u201cPedrinho\u201d, que \u201cera o que queria ser por que era um sonhador&#8230;\u201d Jo\u00e3o Bosco e Aldir Blanc, em ritmo de samba, embalaram as perip\u00e9cias do s\u00e1bio subugo de milho em \u201c Visconde de Sabugosa\u201d, enquanto as artimanhas da boneca Em\u00edlia s\u00e3o ambientas pela alegre can\u00e7\u00e3o carregada de lirismo de Sergio Ricardo: \u201cMais do que ser passarinho, anjo, boneca, gente, assombra\u00e7\u00e3o\/\u00c9 ser que nem \u00e9 Em\u00edlia, campina, campo, espa\u00e7o e amplid\u00e3o\/Mais do que ser sabida e ter segredos que fazer magia\/ \u00c9 ser que nem \u00e9 Em\u00edlia fonte, chama, sopro, ventania, por mais que o sol se esconde\/ Cruzes se cravem no raiar do dia..\u201d<\/p>\n<p style=\"text-align: justify;\">\n<p style=\"text-align: justify;\">As can\u00e7\u00f5es \u201cDona Benta\u201d e \u201cTia Anast\u00e1cia\u201d, respectivamente de Ivan Lins em parceria com Vitor Martins e,Dorival Caymmi, s\u00e3o calorosos acalantos que reportam a afetividade dos av\u00f3s e ainda, em tom de can\u00e7\u00e3o de ninar, revelam, no caso da ultima, os resqu\u00edcios da escravatura muito presentes na obra de Monteiro Lobato.<\/p>\n<p style=\"text-align: justify;\">\n<p style=\"text-align: justify;\">Com gosto de inf\u00e2ncia s\u00e3o belas can\u00e7\u00f5es a se recordar, reviver com confessa nostalgia as f\u00e9rias no interior, as brincadeiras de rua, o desejo secreto de tamb\u00e9m ser um neto de Dona Benta e curtir as mais fant\u00e1sticas aventuras em um s\u00edtio que poderia ser igual a qualquer outro se n\u00e3o fosse a porta de entrada para um mundo de fantasias&#8230;<\/p>\n","protected":false},"excerpt":{"rendered":"<p>Desde que estreou em 1977, o &#8220;S\u00edtio do Picapau Amarelo&#8221;, baseado na obra de Monteiro Lobato, se tornou um dos marcos da teledramaturgia brasileira, al\u00e9m das est\u00f3rias carregadas de nacionalismo, incentivo a leitura e&#46;&#46;&#46;<\/p>\n","protected":false},"author":1,"featured_media":0,"parent":0,"menu_order":11,"comment_status":"closed","ping_status":"open","template":"page-templates\/full-width.php","meta":{"jetpack_post_was_ever_published":false,"footnotes":""},"class_list":["post-118","page","type-page","status-publish","hentry"],"yoast_head":"<!-- This site is optimized with the Yoast SEO plugin v25.0 - https:\/\/yoast.com\/wordpress\/plugins\/seo\/ -->\n<title>M\u00fasica - S\u00edtio do S\u00edtio do Picapau Amarelo<\/title>\n<meta name=\"robots\" content=\"index, follow, max-snippet:-1, max-image-preview:large, max-video-preview:-1\" \/>\n<link rel=\"canonical\" href=\"https:\/\/sitio.pmvs.pt\/blog\/musica\/\" \/>\n<meta property=\"og:locale\" content=\"pt_BR\" \/>\n<meta property=\"og:type\" content=\"article\" \/>\n<meta property=\"og:title\" content=\"M\u00fasica - S\u00edtio do S\u00edtio do Picapau Amarelo\" \/>\n<meta property=\"og:description\" content=\"Desde que estreou em 1977, o &#8220;S\u00edtio do Picapau Amarelo&#8221;, baseado na obra de Monteiro Lobato, se tornou um dos marcos da teledramaturgia brasileira, al\u00e9m das est\u00f3rias carregadas de nacionalismo, incentivo a leitura e&#046;&#046;&#046;\" \/>\n<meta property=\"og:url\" content=\"https:\/\/sitio.pmvs.pt\/blog\/musica\/\" \/>\n<meta property=\"og:site_name\" content=\"S\u00edtio do S\u00edtio do Picapau Amarelo\" \/>\n<meta property=\"article:publisher\" content=\"https:\/\/www.facebook.com\/profile.php?id=100063942078179\" \/>\n<meta property=\"article:modified_time\" content=\"2014-06-28T11:37:03+00:00\" \/>\n<meta property=\"og:image\" content=\"http:\/\/sitio.pmvs.pt\/wp-content\/uploads\/2014\/06\/DI03787.jpg\" \/>\n<meta name=\"twitter:label1\" content=\"Est. tempo de leitura\" \/>\n\t<meta name=\"twitter:data1\" content=\"3 minutos\" \/>\n<script type=\"application\/ld+json\" class=\"yoast-schema-graph\">{\"@context\":\"https:\/\/schema.org\",\"@graph\":[{\"@type\":\"WebPage\",\"@id\":\"https:\/\/sitio.pmvs.pt\/blog\/musica\/\",\"url\":\"https:\/\/sitio.pmvs.pt\/blog\/musica\/\",\"name\":\"M\u00fasica - S\u00edtio do S\u00edtio do Picapau Amarelo\",\"isPartOf\":{\"@id\":\"https:\/\/sitio.pmvs.pt\/blog\/#website\"},\"primaryImageOfPage\":{\"@id\":\"https:\/\/sitio.pmvs.pt\/blog\/musica\/#primaryimage\"},\"image\":{\"@id\":\"https:\/\/sitio.pmvs.pt\/blog\/musica\/#primaryimage\"},\"thumbnailUrl\":\"http:\/\/sitio.pmvs.pt\/wp-content\/uploads\/2014\/06\/DI03787.jpg\",\"datePublished\":\"2014-06-27T13:31:57+00:00\",\"dateModified\":\"2014-06-28T11:37:03+00:00\",\"breadcrumb\":{\"@id\":\"https:\/\/sitio.pmvs.pt\/blog\/musica\/#breadcrumb\"},\"inLanguage\":\"pt-BR\",\"potentialAction\":[{\"@type\":\"ReadAction\",\"target\":[\"https:\/\/sitio.pmvs.pt\/blog\/musica\/\"]}]},{\"@type\":\"ImageObject\",\"inLanguage\":\"pt-BR\",\"@id\":\"https:\/\/sitio.pmvs.pt\/blog\/musica\/#primaryimage\",\"url\":\"http:\/\/sitio.pmvs.pt\/wp-content\/uploads\/2014\/06\/DI03787.jpg\",\"contentUrl\":\"http:\/\/sitio.pmvs.pt\/wp-content\/uploads\/2014\/06\/DI03787.jpg\"},{\"@type\":\"BreadcrumbList\",\"@id\":\"https:\/\/sitio.pmvs.pt\/blog\/musica\/#breadcrumb\",\"itemListElement\":[{\"@type\":\"ListItem\",\"position\":1,\"name\":\"In\u00edcio\",\"item\":\"https:\/\/sitio.pmvs.pt\/blog\/\"},{\"@type\":\"ListItem\",\"position\":2,\"name\":\"M\u00fasica\"}]},{\"@type\":\"WebSite\",\"@id\":\"https:\/\/sitio.pmvs.pt\/blog\/#website\",\"url\":\"https:\/\/sitio.pmvs.pt\/blog\/\",\"name\":\"S\u00edtio do S\u00edtio do Picapau Amarelo\",\"description\":\"Blog sobre o S\u00edtio do Picapau Amarelo. S\u00e9rie que nos fez sonhar. O mundo m\u00e1gico de Monteiro Lobato\",\"publisher\":{\"@id\":\"https:\/\/sitio.pmvs.pt\/blog\/#organization\"},\"potentialAction\":[{\"@type\":\"SearchAction\",\"target\":{\"@type\":\"EntryPoint\",\"urlTemplate\":\"https:\/\/sitio.pmvs.pt\/blog\/?s={search_term_string}\"},\"query-input\":{\"@type\":\"PropertyValueSpecification\",\"valueRequired\":true,\"valueName\":\"search_term_string\"}}],\"inLanguage\":\"pt-BR\"},{\"@type\":\"Organization\",\"@id\":\"https:\/\/sitio.pmvs.pt\/blog\/#organization\",\"name\":\"S\u00edtio do S\u00edtio do Picapau Amarelo\",\"url\":\"https:\/\/sitio.pmvs.pt\/blog\/\",\"logo\":{\"@type\":\"ImageObject\",\"inLanguage\":\"pt-BR\",\"@id\":\"https:\/\/sitio.pmvs.pt\/blog\/#\/schema\/logo\/image\/\",\"url\":\"https:\/\/i0.wp.com\/sitio.pmvs.pt\/blog\/wp-content\/uploads\/2014\/06\/cropped-cuca.jpg?fit=500%2C200&ssl=1\",\"contentUrl\":\"https:\/\/i0.wp.com\/sitio.pmvs.pt\/blog\/wp-content\/uploads\/2014\/06\/cropped-cuca.jpg?fit=500%2C200&ssl=1\",\"width\":\"500\",\"height\":\"200\",\"caption\":\"S\u00edtio do S\u00edtio do Picapau Amarelo\"},\"image\":{\"@id\":\"https:\/\/sitio.pmvs.pt\/blog\/#\/schema\/logo\/image\/\"},\"sameAs\":[\"https:\/\/www.facebook.com\/profile.php?id=100063942078179\"]}]}<\/script>\n<!-- \/ Yoast SEO plugin. -->","yoast_head_json":{"title":"M\u00fasica - S\u00edtio do S\u00edtio do Picapau Amarelo","robots":{"index":"index","follow":"follow","max-snippet":"max-snippet:-1","max-image-preview":"max-image-preview:large","max-video-preview":"max-video-preview:-1"},"canonical":"https:\/\/sitio.pmvs.pt\/blog\/musica\/","og_locale":"pt_BR","og_type":"article","og_title":"M\u00fasica - S\u00edtio do S\u00edtio do Picapau Amarelo","og_description":"Desde que estreou em 1977, o &#8220;S\u00edtio do Picapau Amarelo&#8221;, baseado na obra de Monteiro Lobato, se tornou um dos marcos da teledramaturgia brasileira, al\u00e9m das est\u00f3rias carregadas de nacionalismo, incentivo a leitura e&#46;&#46;&#46;","og_url":"https:\/\/sitio.pmvs.pt\/blog\/musica\/","og_site_name":"S\u00edtio do S\u00edtio do Picapau Amarelo","article_publisher":"https:\/\/www.facebook.com\/profile.php?id=100063942078179","article_modified_time":"2014-06-28T11:37:03+00:00","og_image":[{"url":"http:\/\/sitio.pmvs.pt\/wp-content\/uploads\/2014\/06\/DI03787.jpg","type":"","width":"","height":""}],"twitter_misc":{"Est. tempo de leitura":"3 minutos"},"schema":{"@context":"https:\/\/schema.org","@graph":[{"@type":"WebPage","@id":"https:\/\/sitio.pmvs.pt\/blog\/musica\/","url":"https:\/\/sitio.pmvs.pt\/blog\/musica\/","name":"M\u00fasica - S\u00edtio do S\u00edtio do Picapau Amarelo","isPartOf":{"@id":"https:\/\/sitio.pmvs.pt\/blog\/#website"},"primaryImageOfPage":{"@id":"https:\/\/sitio.pmvs.pt\/blog\/musica\/#primaryimage"},"image":{"@id":"https:\/\/sitio.pmvs.pt\/blog\/musica\/#primaryimage"},"thumbnailUrl":"http:\/\/sitio.pmvs.pt\/wp-content\/uploads\/2014\/06\/DI03787.jpg","datePublished":"2014-06-27T13:31:57+00:00","dateModified":"2014-06-28T11:37:03+00:00","breadcrumb":{"@id":"https:\/\/sitio.pmvs.pt\/blog\/musica\/#breadcrumb"},"inLanguage":"pt-BR","potentialAction":[{"@type":"ReadAction","target":["https:\/\/sitio.pmvs.pt\/blog\/musica\/"]}]},{"@type":"ImageObject","inLanguage":"pt-BR","@id":"https:\/\/sitio.pmvs.pt\/blog\/musica\/#primaryimage","url":"http:\/\/sitio.pmvs.pt\/wp-content\/uploads\/2014\/06\/DI03787.jpg","contentUrl":"http:\/\/sitio.pmvs.pt\/wp-content\/uploads\/2014\/06\/DI03787.jpg"},{"@type":"BreadcrumbList","@id":"https:\/\/sitio.pmvs.pt\/blog\/musica\/#breadcrumb","itemListElement":[{"@type":"ListItem","position":1,"name":"In\u00edcio","item":"https:\/\/sitio.pmvs.pt\/blog\/"},{"@type":"ListItem","position":2,"name":"M\u00fasica"}]},{"@type":"WebSite","@id":"https:\/\/sitio.pmvs.pt\/blog\/#website","url":"https:\/\/sitio.pmvs.pt\/blog\/","name":"S\u00edtio do S\u00edtio do Picapau Amarelo","description":"Blog sobre o S\u00edtio do Picapau Amarelo. S\u00e9rie que nos fez sonhar. O mundo m\u00e1gico de Monteiro Lobato","publisher":{"@id":"https:\/\/sitio.pmvs.pt\/blog\/#organization"},"potentialAction":[{"@type":"SearchAction","target":{"@type":"EntryPoint","urlTemplate":"https:\/\/sitio.pmvs.pt\/blog\/?s={search_term_string}"},"query-input":{"@type":"PropertyValueSpecification","valueRequired":true,"valueName":"search_term_string"}}],"inLanguage":"pt-BR"},{"@type":"Organization","@id":"https:\/\/sitio.pmvs.pt\/blog\/#organization","name":"S\u00edtio do S\u00edtio do Picapau Amarelo","url":"https:\/\/sitio.pmvs.pt\/blog\/","logo":{"@type":"ImageObject","inLanguage":"pt-BR","@id":"https:\/\/sitio.pmvs.pt\/blog\/#\/schema\/logo\/image\/","url":"https:\/\/i0.wp.com\/sitio.pmvs.pt\/blog\/wp-content\/uploads\/2014\/06\/cropped-cuca.jpg?fit=500%2C200&ssl=1","contentUrl":"https:\/\/i0.wp.com\/sitio.pmvs.pt\/blog\/wp-content\/uploads\/2014\/06\/cropped-cuca.jpg?fit=500%2C200&ssl=1","width":"500","height":"200","caption":"S\u00edtio do S\u00edtio do Picapau Amarelo"},"image":{"@id":"https:\/\/sitio.pmvs.pt\/blog\/#\/schema\/logo\/image\/"},"sameAs":["https:\/\/www.facebook.com\/profile.php?id=100063942078179"]}]}},"jetpack_sharing_enabled":true,"jetpack_shortlink":"https:\/\/wp.me\/P517DY-1U","jetpack-related-posts":[],"amp_enabled":false,"_links":{"self":[{"href":"https:\/\/sitio.pmvs.pt\/blog\/wp-json\/wp\/v2\/pages\/118","targetHints":{"allow":["GET"]}}],"collection":[{"href":"https:\/\/sitio.pmvs.pt\/blog\/wp-json\/wp\/v2\/pages"}],"about":[{"href":"https:\/\/sitio.pmvs.pt\/blog\/wp-json\/wp\/v2\/types\/page"}],"author":[{"embeddable":true,"href":"https:\/\/sitio.pmvs.pt\/blog\/wp-json\/wp\/v2\/users\/1"}],"replies":[{"embeddable":true,"href":"https:\/\/sitio.pmvs.pt\/blog\/wp-json\/wp\/v2\/comments?post=118"}],"version-history":[{"count":9,"href":"https:\/\/sitio.pmvs.pt\/blog\/wp-json\/wp\/v2\/pages\/118\/revisions"}],"predecessor-version":[{"id":157,"href":"https:\/\/sitio.pmvs.pt\/blog\/wp-json\/wp\/v2\/pages\/118\/revisions\/157"}],"wp:attachment":[{"href":"https:\/\/sitio.pmvs.pt\/blog\/wp-json\/wp\/v2\/media?parent=118"}],"curies":[{"name":"wp","href":"https:\/\/api.w.org\/{rel}","templated":true}]}}